{"id":3,"date":"2018-08-12T12:23:20","date_gmt":"2018-08-12T12:23:20","guid":{"rendered":"http:\/\/watch-center.eu\/?page_id=3"},"modified":"2024-05-21T22:49:20","modified_gmt":"2024-05-21T20:49:20","slug":"privacy-policy","status":"publish","type":"page","link":"https:\/\/watch-center.eu\/en\/privacy-policy","title":{"rendered":"Privacy Policy"},"content":{"rendered":"<h2 style=\"text-align: center;\"><span style=\"text-decoration: underline; font-family: 'Times New Roman', Times; font-size: 28px;\">PRIVACY E COOKIES POLICY<\/span><\/h2>\n<p style=\"text-align: justify;\">\n<h3 style=\"text-align: justify;\"><strong><span style=\"font-size: 20px; font-family: 'Times New Roman', Times;\">Informativa in base all&#8217;art. 13 del D.LGS 30 giugno 2003 n. 196<\/span><\/strong><\/h3>\n<p style=\"text-align: justify;\"><span style=\"font-size: 20px; font-family: 'Times New Roman', Times;\">Ai sensi e per gli effetti di cui all\u2019art. 13 del D.Lgs. del 30 Giugno 2003 n. 196, \u201ccodice in materia di protezione dei dati personali\u201d, si precisa quanto segue:<\/span><\/p>\n<ol style=\"text-align: justify;\">\n<li><span style=\"font-size: 20px; font-family: 'Times New Roman', Times;\">I dati forniti dal visitatore, inclusa la posta elettronica, verranno trattati, comunicati e diffusi, anche con l\u2019ausilio di mezzi elettronici o comunque automatizzati, direttamente da\u00a0Watch Center\u00a0 e\/o tramite soggetti da questa designati o incaricati e\/o da societ\u00e0 terze, appartenenti o meno alla medesima Ditta, per le finalit\u00e0 connesse all\u2019 utilizzo del Sito e\/o l\u2019erogazione dei servizi richiesti, per finalit\u00e0 statistiche, per l\u2019invio di materiale pubblicitario e di commercializzazione dei prodotti e servizi di\u00a0Watch Center, nonch\u00e9 per l\u2019adempimento di tutti gli obblighi previsti dalla legge, dai regolamenti e dalla normativa comunitaria e\/o per l\u2019attuazione di disposizioni impartite da pubbliche autorit\u00e0 e\/o per lo svolgimento di attivit\u00e0 dirette alla prevenzione o repressione delle frodi informatiche.<\/span><\/li>\n<li><span style=\"font-size: 20px; font-family: 'Times New Roman', Times;\">Con il conferimento dei dati attraverso la compilazione del modulo di registrazione e l\u2019accettazione delle condizioni di accesso al Sito il visitatore esprime il consenso al trattamento dei propri dati personali per le finalit\u00e0 connesse al predetto accesso. Tali dati sono considerati obbligatori in quanto consentono di eseguire correttamente l\u2019accesso ai servizi richiesti e l\u2019eventuale mancanza o revoca potrebbero comportare la mancata prosecuzione del rapporto.<\/span><\/li>\n<li><span style=\"font-size: 20px; font-family: 'Times New Roman', Times;\">L\u2019utilizzo dei dati a fini commerciali (invio di materiale pubblicitario, promozionale ecc.) \u00e8 invece soggetto ad un espresso consenso, avente natura facoltativa, da parte del visitatore e l\u2019eventuale mancanza non avr\u00e0 alcuna conseguenza rispetto alle modalit\u00e0 di accesso ai servizi del Sito. Ogni volta che\u00a0Watch Center intenda raccogliere dati a tali fini, verr\u00e0 richiesto al visitatore di prestare o non prestare il relativo consenso al trattamento.<\/span><\/li>\n<li><span style=\"font-size: 20px; font-family: 'Times New Roman', Times;\">I dati suddetti, nonch\u00e9 quelli elaborati dalle parti, non saranno oggetto di comunicazione e diffusione fuori dei casi previsti dalla legge e il trattamento sar\u00e0 improntato ai principi di correttezza, liceit\u00e0 e trasparenza a tutela della riservatezza e dei diritti del Cliente.<\/span><\/li>\n<li><span style=\"font-size: 20px; font-family: 'Times New Roman', Times;\">Watch Center, \u00e8 titolare, ai sensi del D.Lgs 196\/03, del trattamento dei dati personali, nella persona del Legale Rappresentante pro tempore ed \u00e8, pertanto, obbligata a tutti gli adempimenti dalla stessa legge previsti.\u2028In ogni momento il Cliente potr\u00e0 esercitare i suoi diritti nei confronti del titolare del trattamento, ai sensi dell\u2019art.7 del D.lgs.196\/2003, che per chiarezza riportiamo integralmente:<\/span><\/li>\n<\/ol>\n<h3 style=\"text-align: justify;\"><strong><span style=\"font-size: 20px; font-family: 'Times New Roman', Times;\">\u201cArt. 7 \u2013 Diritto di accesso ai dati personali ed altri diritti<\/span><\/strong><\/h3>\n<ol style=\"text-align: justify;\">\n<li style=\"text-align: justify;\"><span style=\"font-size: 20px; font-family: 'Times New Roman', Times;\">L\u2019interessato ha diritto di ottenere la conferma dell\u2019esistenza o meno di dati personali che lo riguardano, anche se non ancora registrati, e la loro comunicazione in forma intelligibile.<\/span><\/li>\n<li style=\"text-align: justify;\"><span style=\"font-size: 20px; font-family: 'Times New Roman', Times;\">L\u2019interessato ha diritto di ottenere l\u2019indicazione:\u2028a) dell\u2019origine dei dati personali;\u2028b) delle finalit\u00e0 e modalit\u00e0 del trattamento;\u2028c) della logica applicata in caso di trattamento effettuato con l\u2019ausilio di strumenti elettronici;\u2028d) degli estremi identificativi del titolare, dei responsabili e del rappresentante designato ai sensi dell\u2019articolo 5, comma 2;\u2028e) dei soggetti o delle categorie di soggetti ai quali i dati personali possono essere comunicati o che possono venirne a conoscenza in qualit\u00e0 di rappresentante designato nel territorio dello Stato, di responsabili o incaricati.<\/span><\/li>\n<li style=\"text-align: justify;\"><span style=\"font-size: 20px; font-family: 'Times New Roman', Times;\">L\u2019interessato ha diritto di ottenere;\u2028a) l\u2019aggiornamento, la rettifica ovvero, quando vi ha interesse, l\u2019integrazione dei dati;\u2028b) la cancellazione, la trasformazione in forma anonima o il blocco dei dati trattati in violazione di legge, compresi quelli di cui non \u00e8 necessaria la conservazione in relazione agli scopi per i quali i dati sono stati raccolti o successivamente trattati;\u2028c) l\u2019attestazione che le operazioni di cui alle lettere a) e b) sono state portate a conoscenza, anche per quanto riguarda il loro contenuto, di coloro ai quali i dati sono stati comunicati o diffusi, eccettuato il caso in cui tale adempimento si rivela impossibile o comporta un impiego di mezzi manifestamente sproporzionato rispetto al diritto tutelato.<\/span><\/li>\n<li style=\"text-align: justify;\"><span style=\"font-size: 20px; font-family: 'Times New Roman', Times;\">L\u2019interessato ha diritto di opporsi, in tutto o in parte: a) per motivi legittimi al trattamento dei dati personali che lo riguardano, ancorch\u00e9 pertinenti allo scopo della raccolta; b) al trattamento di dati personali che lo riguardano a fini di invio di materiale pubblicitario o di vendita diretta o per il compimento di ricerche di mercato o di comunicazione commerciale\u201d.<\/span><span style=\"font-size: 20px; font-family: 'Times New Roman', Times;\">Al fine di esercitare i diritti di cui sopra (art. 7 D.Lgs 196\/2003) puoi scrivere a Watch Center Via Nunzio Morello 18\/E 90144 &#8211; Palermo, ITALIA oppure alla mail <a href=\"mailto:info@watchcenterassistance.it\">info@watchcenterassistance.it<\/a><\/span><\/li>\n<\/ol>\n<h2 style=\"text-align: center;\"><span style=\"text-decoration: underline; font-family: 'Times New Roman', Times; font-size: 28px;\">COOKIES<\/span><\/h2>\n<p style=\"text-align: justify;\"><span style=\"font-family: 'Times New Roman', Times; font-size: 20px;\">Ai sensi dell&#8217;articolo 13 del Codice Privacy (D.Lgs. 196\/03), La informiamo che l&#8217;impresa titolare del sito indicata in calce al sito medesimo \u00e8 il titolare del trattamento (di seguito &#8220;Titolare&#8221;). Secondo la legge indicata tale trattamento sar\u00e0 improntato ai principi di correttezza, liceit\u00e0 e trasparenza e di tutela della Sua riservatezza e dei Suoi diritti.\u00a0<\/span><\/p>\n<ol style=\"text-align: justify;\">\n<li style=\"text-align: justify;\"><span style=\"font-family: 'Times New Roman', Times; font-size: 20px;\">Questo sito raccoglie dati necessari alla navigazione e alla fruizione dei servizi ad essa collegati trattandoli in forma anonima ed aggregata;\u00a0<\/span><\/li>\n<li style=\"text-align: justify;\"><span style=\"font-family: 'Times New Roman', Times; font-size: 20px;\">Il trattamento di tali dati verr\u00e0 effettuato attraverso strumenti automatizzati e non, in conformit\u00e0 con le finalit\u00e0 indicate e nel rispetto dei requisiti di riservatezza e delle pi\u00f9 idonee misure di sicurezza, come indicate dal Codice Privacy;\u00a0<\/span><\/li>\n<li style=\"text-align: justify;\"><span style=\"font-family: 'Times New Roman', Times; font-size: 20px;\">Il conferimento dei dati \u00e8 necessario per perseguire le finalit\u00e0 summenzionate e gli stessi non saranno n\u00e9 comunicati, n\u00e9 diffusi;\u00a0<\/span><\/li>\n<li style=\"text-align: justify;\"><span style=\"font-family: 'Times New Roman', Times; font-size: 20px;\">I dati saranno conservati per il periodo strettamente necessario al perseguimento delle finalit\u00e0 suindicate e comunque per non oltre un anno;<\/span><\/li>\n<li style=\"text-align: justify;\"><span style=\"font-family: 'Times New Roman', Times; font-size: 20px;\">Nella Sua qualit\u00e0 di interessato del trattamento, Le \u00e8 garantito l&#8217;esercizio dei diritti di cui all&#8217;art. 7 del D.Lgs. 196\/03, tra i quali il diritto di ottenere dal Titolare del trattamento la conferma dell&#8217;esistenza dei Suoi dati personali e la loro comunicazione in forma intelligibile, di conoscere le modalit\u00e0 e le logiche del trattamento, di richiedere l&#8217;aggiornamento e l&#8217;integrazione dei dati stessi, la loro cancellazione o trasformazione in forma anonima, in caso di violazione di legge, nonch\u00e8, di opporsi al loro trattamento. Tali diritti potranno essere esercitati rivolgendosi in qualsiasi momento per iscritto al Titolare del trattamento, presso la sua sede indicata nel sito internet medesimo.\u00a0<\/span><\/li>\n<\/ol>\n<p style=\"text-align: justify;\"><strong><span style=\"font-family: 'Times New Roman', Times; font-size: 20px;\">INFORMATIVA ESTESA SUI COOKIE<\/span><\/strong><\/p>\n<p style=\"text-align: justify;\"><em><span style=\"font-family: 'Times New Roman', Times; font-size: 20px;\">Cosa sono i cookies<\/span><\/em><br \/>\n<span style=\"font-family: 'Times New Roman', Times; font-size: 20px;\">I cookies sono piccoli file di testo che vengono automaticamente posizionati sul PC del navigatore all&#8217;interno del browser. Essi contengono informazioni di base sulla navigazione in Internet e grazie al browser vengono riconosciuti ogni volta che l&#8217;utente visita il sito.<\/span><\/p>\n<p style=\"text-align: justify;\"><em><span style=\"font-family: 'Times New Roman', Times; font-size: 20px;\">Cookie utilizzati da questo sito<\/span><\/em><br \/>\n<span style=\"font-family: 'Times New Roman', Times; font-size: 20px;\">Questo sito utilizza cookie, anche di terze parti, per migliorarne l&#8217;esperienza di navigazione e consentire a chi naviga di usufruire dei nostri servizi online e di visualizzare pubblicit\u00e0 in linea con le proprie preferenze. I cookies utilizzati in questo sito rientrano nelle categorie descritte di seguito.<\/span><\/p>\n<p style=\"text-align: justify;\"><strong><span style=\"font-family: 'Times New Roman', Times; font-size: 20px;\">Gestione dei cookie<\/span><\/strong><\/p>\n<p style=\"text-align: justify;\"><em><span style=\"font-family: 'Times New Roman', Times; font-size: 20px;\">Cookie tecnici<\/span><\/em><\/p>\n<p style=\"text-align: justify;\"><span style=\"font-family: 'Times New Roman', Times; font-size: 20px;\">Attivit\u00e0 strettamente necessarie al funzionamento<\/span><br \/>\n<span style=\"font-family: 'Times New Roman', Times; font-size: 20px;\">Questi cookies hanno natura tecnica e permettono al sito di funzionare correttamente. Ad esempio, mantengono l&#8217;utente collegato durante la navigazione evitando che il sito richieda di collegarsi pi\u00f9 volte per accedere alle pagine successive.\u00a0<\/span><\/p>\n<p style=\"text-align: justify;\"><span style=\"font-family: 'Times New Roman', Times; font-size: 20px;\">Attivit\u00e0 di salvataggio delle preferenze<\/span><br \/>\n<span style=\"font-family: 'Times New Roman', Times; font-size: 20px;\">Questi cookie permettono di ricordare le preferenze selezionate dall&#8217;utente durante la navigazione, ad esempio, consentono di impostare la lingua.\u00a0<\/span><\/p>\n<p style=\"text-align: justify;\"><span style=\"font-family: 'Times New Roman', Times; font-size: 20px;\">Attivit\u00e0 Statistiche e di Misurazione dell&#8217;audience<\/span><br \/>\n<span style=\"font-family: 'Times New Roman', Times; font-size: 20px;\">Questi cookie ci aiutano a capire, attraverso dati raccolti in forma anonima e aggregata, come gli utenti interagiscono con i nostri siti internet fornendoci informazioni relative alle sezioni visitate, il tempo trascorso sul sito, eventuali malfunzionamenti. Questo ci aiuta a migliorare la resa dei nostri siti internet.\u00a0<\/span><\/p>\n<p style=\"text-align: justify;\"><em><span style=\"font-family: 'Times New Roman', Times; font-size: 20px;\">Cookie Statistici e di Misurazione dell&#8217;audience di terza parte\u00a0<\/span><\/em><br \/>\n<span style=\"font-family: 'Times New Roman', Times; font-size: 20px;\">Questi cookie (servizi web di terza parte) forniscono informazioni anonime \/ aggregate sul modo in cui i visitatori navigano sul sito. Di seguito i link alle rispettive pagine di privacy policy.\u00a0<\/span><\/p>\n<p style=\"text-align: justify;\"><span style=\"font-family: 'Times New Roman', Times; font-size: 20px;\">Google Analytics Cookie policy e modulo di consenso su <\/span><\/p>\n<p style=\"text-align: justify;\"><span style=\"font-family: 'Times New Roman', Times; font-size: 20px;\">https:\/\/tools.google.com\/dlpage\/gaoptout?hl=it\u00a0<\/span><\/p>\n<p style=\"text-align: justify;\"><em><span style=\"font-family: 'Times New Roman', Times; font-size: 20px;\">Cookie di social media sharing<\/span><\/em><\/p>\n<p style=\"text-align: justify;\"><span style=\"font-family: 'Times New Roman', Times; font-size: 20px;\">Questi cookie di terza parte vengono utilizzati per integrare alcune diffuse funzionalit\u00e0 dei principali social media e fornirle all&#8217;interno del sito. In particolare permettono la registrazione e l&#8217;autenticazione sul sito tramite facebook e google connect, la condivisione e i commenti di pagine del sito sui social, abilitano le funzionalit\u00e0 del &#8220;mi piace&#8221; su Facebook e del &#8220;+1&#8221; su G+.\u00a0<\/span><\/p>\n<p style=\"text-align: justify;\"><span style=\"font-family: 'Times New Roman', Times; font-size: 20px;\">Di seguito i link alle rispettive pagine di privacy policy.<\/span><\/p>\n<p style=\"text-align: justify;\"><span style=\"font-family: 'Times New Roman', Times; font-size: 20px;\">\u2022 Facebook &#8211;\u00a0<a href=\"https:\/\/www.facebook.com\/about\/privacy\/\">privacy policy<\/a>\u00a0\u2022 G+\u00a0<a href=\"https:\/\/www.google.com\/intl\/it\/policies\/\">privacy policy<\/a>\u00a0\u2022 Youtube\u00a0<a href=\"https:\/\/www.youtube.com\/static?template=privacy_guidelines\">privacy policy<\/a>\u00a0\u2022 Twitter\u00a0<a href=\"https:\/\/twitter.com\/privacy\">privacy policy<\/a>\u00a0\u2022 Linkedin\u00a0<a href=\"http:\/\/www.linkedin.com\/legal\/privacy-policy\">privacy policy<\/a>\u00a0\u2022 Pinterest\u00a0<a href=\"https:\/\/about.pinterest.com\/it\/privacy-policy\">privacy policy<\/a>\u00a0<\/span><\/p>\n<p style=\"text-align: justify;\"><span style=\"font-family: 'Times New Roman', Times; font-size: 20px;\">Ricordati che puoi gestire le tue preferenze sui cookie anche attraverso il browser\u00a0<\/span><\/p>\n<p style=\"text-align: justify;\"><em><span style=\"font-family: 'Times New Roman', Times; font-size: 20px;\">Se si utilizza Internet Explorer<\/span><\/em><br \/>\n<span style=\"font-family: 'Times New Roman', Times; font-size: 20px;\">In Internet Explorer, fare clic su &#8220;Strumenti&#8221; poi &#8220;Opzioni Internet&#8221;. Nella scheda Privacy, spostare il cursore verso l&#8217;alto per bloccare tutti i cookie o verso il basso per consentire a tutti i cookie, e quindi fare clic su OK.\u00a0<\/span><\/p>\n<p style=\"text-align: justify;\"><em><span style=\"font-family: 'Times New Roman', Times; font-size: 20px;\">Se si utilizza il browser Firefox<\/span><\/em><br \/>\n<span style=\"font-family: 'Times New Roman', Times; font-size: 20px;\">Vai al menu &#8220;Strumenti&#8221; del browser e selezionare il menu &#8220;Opzioni&#8221; Fare clic sulla scheda &#8220;Privacy&#8221;, deselezionare la casella &#8220;Accetta cookie&#8221; e fare clic su OK.\u00a0<\/span><\/p>\n<p style=\"text-align: justify;\"><em><span style=\"font-family: 'Times New Roman', Times; font-size: 20px;\">Se si utilizza il browser Safari<\/span><\/em><br \/>\n<span style=\"font-family: 'Times New Roman', Times; font-size: 20px;\">Dal Browser Safari selezionare il menu &#8220;Modifica&#8221; e selezionare &#8220;Preferences&#8221;. Clicca su &#8220;Privacy&#8221;. Posizionare l&#8217;impostazione &#8220;cookies Block&#8221; sempre &#8220;e fare clic su OK.\u00a0<\/span><\/p>\n<p style=\"text-align: justify;\"><em><span style=\"font-family: 'Times New Roman', Times; font-size: 20px;\">Se si utilizza il browser Google Chrome<\/span><\/em><br \/>\n<span style=\"font-family: 'Times New Roman', Times; font-size: 20px;\">Fai clic sul menu Chrome nella barra degli strumenti del browser. Selezionare &#8220;Impostazioni&#8221;. Fare clic su &#8220;Mostra impostazioni avanzate&#8221;. Nella sezione &#8220;Privacy&#8221;, fai clic sul pulsante &#8220;Impostazioni contenuti&#8221;. Nella sezione &#8220;Cookies&#8221;, selezionare &#8220;Non consentire ai siti per memorizzare i dati&#8221; e di controllo &#8220;cookie di blocco e di terze parti i dati sito&#8221;, e quindi fare clic su OK.\u00a0<\/span><\/p>\n<p style=\"text-align: justify;\"><span style=\"font-family: 'Times New Roman', Times; font-size: 20px;\">Se usi un qualsiasi altro browser, cerca nelle Impostazioni del browser la modalit\u00e0 di gestione dei cookies.<\/span><\/p>","protected":false},"excerpt":{"rendered":"<p>PRIVACY E COOKIES POLICY Informativa in base all&#8217;art. 13 del D.LGS 30 giugno 2003 n. 196 Ai sensi e per gli effetti di cui all\u2019art. 13 del D.Lgs. del 30 Giugno 2003 n. 196, \u201ccodice in materia di protezione dei dati personali\u201d, si precisa quanto segue: I dati forniti dal visitatore, inclusa la posta elettronica, verranno trattati, comunicati e diffusi, anche con l\u2019ausilio di mezzi elettronici o comunque automatizzati, direttamente da\u00a0Watch Center\u00a0 e\/o tramite soggetti da questa designati o incaricati e\/o da societ\u00e0 terze, appartenenti o meno alla medesima Ditta, per le finalit\u00e0 connesse all\u2019 utilizzo del Sito e\/o l\u2019erogazione dei servizi richiesti, per finalit\u00e0 statistiche, per l\u2019invio di materiale&hellip; <a class=\"read-more\" href=\"https:\/\/watch-center.eu\/en\/privacy-policy\">Read More<\/a><\/p>","protected":false},"author":1,"featured_media":0,"parent":0,"menu_order":0,"comment_status":"closed","ping_status":"open","template":"","meta":{"_acf_changed":false,"om_disable_all_campaigns":false,"_monsterinsights_skip_tracking":false,"_monsterinsights_sitenote_active":false,"_monsterinsights_sitenote_note":"","_monsterinsights_sitenote_category":0,"_uf_show_specific_survey":0,"_uf_disable_surveys":false,"footnotes":""},"class_list":["post-3","page","type-page","status-publish","hentry"],"acf":[],"aioseo_notices":[],"_links":{"self":[{"href":"https:\/\/watch-center.eu\/en\/wp-json\/wp\/v2\/pages\/3","targetHints":{"allow":["GET"]}}],"collection":[{"href":"https:\/\/watch-center.eu\/en\/wp-json\/wp\/v2\/pages"}],"about":[{"href":"https:\/\/watch-center.eu\/en\/wp-json\/wp\/v2\/types\/page"}],"author":[{"embeddable":true,"href":"https:\/\/watch-center.eu\/en\/wp-json\/wp\/v2\/users\/1"}],"replies":[{"embeddable":true,"href":"https:\/\/watch-center.eu\/en\/wp-json\/wp\/v2\/comments?post=3"}],"version-history":[{"count":1,"href":"https:\/\/watch-center.eu\/en\/wp-json\/wp\/v2\/pages\/3\/revisions"}],"predecessor-version":[{"id":2448,"href":"https:\/\/watch-center.eu\/en\/wp-json\/wp\/v2\/pages\/3\/revisions\/2448"}],"wp:attachment":[{"href":"https:\/\/watch-center.eu\/en\/wp-json\/wp\/v2\/media?parent=3"}],"curies":[{"name":"wp","href":"https:\/\/api.w.org\/{rel}","templated":true}]}}